{"id":1088,"date":"2021-07-10T10:30:59","date_gmt":"2021-07-10T09:30:59","guid":{"rendered":"http:\/\/isupekuikui2.co.ao\/ao2\/?page_id=1088"},"modified":"2022-08-07T14:33:22","modified_gmt":"2022-08-07T13:33:22","slug":"provas-de-acesso","status":"publish","type":"page","link":"https:\/\/isupekuikui2.co.ao\/ao2\/provas-de-acesso\/","title":{"rendered":"Provas de Acesso"},"content":{"rendered":"<div  style='padding-bottom:10px; ' class='av-special-heading av-special-heading-h1    avia-builder-el-0  el_before_av_textblock  avia-builder-el-first  '><h1 class='av-special-heading-tag '  itemprop=\"headline\"  ><center>Provas de Acesso<\/center><\/h1><div class='special-heading-border'><div class='special-heading-inner-border' ><\/div><\/div><\/div>\n<section class=\"av_textblock_section \"  itemscope=\"itemscope\" itemtype=\"https:\/\/schema.org\/CreativeWork\" ><div class='avia_textblock  '   itemprop=\"text\" ><h2 style=\"text-align: center;\">ISUPEKUIKUI 2 \u2013 EXAMES DE ACESSO AOS CURSOS\u00a0 PONDERA\u00c7\u00c3O<\/h2>\n<p style=\"text-align: center;\"><strong>\u00a0<\/strong><\/p>\n<h3 style=\"text-align: center;\">CANDIDATOS A TODOS OS OUTROS CURSOS<\/h3>\n<ol>\n<li>OS CANDIDATOS A TODOS OS OUTROS CURSOS DO ISUPEKUIKUI 2 REALIZAM UMA PROVA DE\u00a0L\u00cdNGUA PORTUGUESA\u2013\u00a0PARTE \u2013\u00a0I, \u00c0 QUAL \u00c9 ATRIBU\u00cdDA UMA PONDERA\u00c7\u00c3O DE 50% DA NOTA OBTIDA NO EXAME DE ACESSO.<\/li>\n<\/ol>\n<ol start=\"2\">\n<li>PARALELAMENTE, TODOS OS CURSOS S\u00c3O SUJEITOS A\u00a0UMA PROVA ESPEC\u00cdFICA &#8211; PARTE II\u2013 ABRANGENDO MAT\u00c9RIAS LECIONADAS NO 2\u00ba CICLO DO ENSINO M\u00c9DIO, FUNDAMENTAIS \u00c0 PERSECU\u00c7\u00c3O NO ENSINO SUPERIOR, SENDO ATRIBU\u00cdDA \u00c0 NOTA OBTIDA NESTA PARTE DO EXAME DE ACESSO UMA VALORA\u00c7\u00c3O DE 35%.<\/li>\n<\/ol>\n<ol start=\"3\">\n<li>POR\u00a0 \u00daLTIMO, \u00c9 ATRIBU\u00cdDA AO CANDIDATO UMA PONDERA\u00c7\u00c3O DE 15%, RELATIVAMENTE \u00c0 CLASSIFICA\u00c7\u00c3O\u00a0 M\u00c9DIA OBTIDA\u00a0 NO\u00a0 ENSINO \u00a0SECUND\u00c1RIO.<\/li>\n<\/ol>\n<ol start=\"4\">\n<li>AS PROVAS PARA ACESSO AOS CURSOS ISUPEKUIKUI 2 S\u00c3O AS CONSTANTES DO MAPA SEGUINTE E SER\u00c3O REALIZADAS DE 12 A 16 DE SETEMBRO.<\/li>\n<\/ol>\n<table width=\"101%\">\n<tbody>\n<tr>\n<td width=\"37%\">\u00a0 CURSOS<\/td>\n<td width=\"23%\">PARTE \u2013 I<\/p>\n<p>L\u00cdNGUA\u00a0 PORTUGUESA<\/td>\n<td width=\"23%\">PARTE \u2013 II<br \/>\nPROVA<br \/>\nESPEC\u00cdFICA<\/td>\n<td width=\"16%\">NOTA ENSINO<br \/>\nM\u00c9DIO<\/td>\n<\/tr>\n<tr>\n<td width=\"37%\">PONDERA\u00c7\u00c3O DA NOTA OBTIDA<br \/>\nEXAME ACESSO<\/td>\n<td width=\"23%\">50%<\/td>\n<td width=\"23%\">35%<\/td>\n<td width=\"16%\">15%<\/td>\n<\/tr>\n<tr>\n<td width=\"37%\">AN\u00c1LISES CL\u00cdNICAS E SA\u00daDE P\u00daBLICA<\/td>\n<td width=\"23%\">L\u00cdNGUA PORTUGUESA<\/td>\n<td width=\"23%\">BIO-QU\u00cdMICA<\/td>\n<td width=\"16%\">NOTA ENSINO M\u00c9DIO<\/td>\n<\/tr>\n<tr>\n<td width=\"37%\">CI\u00caNCIAS DA COMUNICA\u00c7\u00c3O<\/p>\n<p>(RAMO MARKETING, PUBLICIDADE E RELA\u00c7\u00d5ES P\u00daBLICAS)<\/td>\n<td width=\"23%\">L\u00cdNGUA PORTUGUESA<\/td>\n<td width=\"23%\">COMUNICA\u00c7\u00c3O<\/td>\n<td width=\"16%\">NOTA ENSINO M\u00c9DIO<\/td>\n<\/tr>\n<tr>\n<td width=\"37%\">CONTABILIDADE, FISCALIDADE E AUDITORIA<\/td>\n<td width=\"23%\">L\u00cdNGUA PORTUGUESA<\/td>\n<td width=\"23%\">MATEM\u00c1TICA<\/td>\n<td width=\"16%\">NOTA ENSINO M\u00c9DIO<\/td>\n<\/tr>\n<tr>\n<td width=\"37%\">DIREITO<\/td>\n<td width=\"23%\">L\u00cdNGUA PORTUGUESA<\/td>\n<td width=\"23%\">HIST\u00d3RIA<\/td>\n<td width=\"16%\">NOTA ENSINO M\u00c9DIO<\/td>\n<\/tr>\n<tr>\n<td width=\"37%\">ECONOMIA E GEST\u00c3O<\/td>\n<td width=\"23%\">L\u00cdNGUA PORTUGUESA<\/td>\n<td width=\"23%\">MATEM\u00c1TICA<\/td>\n<td width=\"16%\">NOTA ENSINO M\u00c9DIO<\/td>\n<\/tr>\n<tr>\n<td width=\"37%\">EDUCA\u00c7\u00c3O F\u00cdSICA E DESPORTO<\/td>\n<td width=\"23%\">L\u00cdNGUA PORTUGUESA<\/td>\n<td width=\"23%\">BIOLOGIA<\/td>\n<td width=\"16%\">NOTA ENSINO M\u00c9DIO<\/td>\n<\/tr>\n<tr>\n<td width=\"37%\">ENFERMAGEM<\/td>\n<td width=\"23%\">L\u00cdNGUA PORTUGUESA<\/td>\n<td width=\"23%\">BIO-QU\u00cdMICA<\/td>\n<td width=\"16%\">NOTA ENSINO M\u00c9DIO<\/td>\n<\/tr>\n<tr>\n<td width=\"37%\">ENGENHARIA CIVIL<\/td>\n<td width=\"23%\">L\u00cdNGUA PORTUGUESA<\/td>\n<td width=\"23%\">MATEM\u00c1TICA<\/td>\n<td width=\"16%\">NOTA ENSINO M\u00c9DIO<\/td>\n<\/tr>\n<tr>\n<td width=\"37%\">ENGENHARIA INFORM\u00c1TICA<\/td>\n<td width=\"23%\">L\u00cdNGUA PORTUGUESA<\/td>\n<td width=\"23%\">MATEM\u00c1TICA<\/td>\n<td width=\"16%\">NOTA ENSINO M\u00c9DIO<\/td>\n<\/tr>\n<tr>\n<td width=\"37%\">FARM\u00c1CIA<\/td>\n<td width=\"23%\">L\u00cdNGUA PORTUGUESA<\/td>\n<td width=\"23%\">BIO-QU\u00cdMICA<\/td>\n<td width=\"16%\">NOTA ENSINO M\u00c9DIO<\/td>\n<\/tr>\n<tr>\n<td width=\"37%\">PSICOLOGIA<\/p>\n<p>(RAMO PSICOLOGIA CL\u00cdNICA)<\/td>\n<td width=\"23%\">L\u00cdNGUA PORTUGUESA<\/td>\n<td width=\"23%\">PSICOLOGIA<\/td>\n<td width=\"16%\">NOTA ENSINO<\/p>\n<p>M\u00c9DIO<\/td>\n<\/tr>\n<\/tbody>\n<\/table>\n<p><strong>EXEMPLO:<\/strong><\/p>\n<table width=\"108%\">\n<tbody>\n<tr>\n<td colspan=\"2\" width=\"34%\">NOTAS OBTIDAS<\/td>\n<td colspan=\"2\" width=\"21%\">12 VALORES<\/td>\n<td width=\"21%\">10<\/td>\n<td width=\"21%\">11<\/td>\n<\/tr>\n<tr>\n<td colspan=\"2\" width=\"34%\">PONDERA\u00c7\u00c3O<\/td>\n<td colspan=\"2\" width=\"21%\">6 VALORES (50%)<\/td>\n<td width=\"21%\">3,5 (35%)<\/td>\n<td width=\"21%\">1,65 (15%)<\/td>\n<\/tr>\n<tr>\n<td width=\"21%\">RESULTADO<\/td>\n<td colspan=\"2\" width=\"21%\">11,15 &#8211; APROVADO<\/td>\n<td colspan=\"3\" width=\"56%\"><\/td>\n<\/tr>\n<\/tbody>\n<\/table>\n<h3 style=\"text-align: center;\"><strong>CANDIDATOS CURSOS LICENCIATURA ENSINO DA L\u00cdNGUA PORTUGUESA <\/strong><\/h3>\n<ol>\n<li>OS CANDIDATOS AOS CURSOS DE ENSINO DA L\u00cdNGUA PORTUGUESA DEVEM TER UMA M\u00c9DIA NO ENSINO M\u00c9DIO N\u00c3O INFERIOR A 12 VALORES, NA DISCIPLINA DE L\u00cdNGUA PORTUGUESA, PARA PODEREM CANDIDATAR-SE.<\/li>\n<li>OS CANDIDATOS AO CURSO DE ENSINO DA L\u00cdNGUA PORTUGUESA REALIZAM UMA PROVA A N\u00cdVEL NACIONAL DE L\u00cdNGUA PORTUGUESA QUE VALE 60%, E UMA PROVA ORAL, QUE VALE 40%.<\/li>\n<li>A PROVA ESCRITA \u00c9 ELABORADA POR UM J\u00daRI NACIONAL E REALIZADAS DE ACORDO COM CALEND\u00c1RIO ESTABELECIDO PELO MINIST\u00c9RIO ENSINO SUPERIOR.<\/li>\n<li>S\u00c3O ADMITIDOS OS ESTUDANTES, QUE TENHAM OBTIDO UMA M\u00c9DIA N\u00c3O INFERIOR A 9,5 VALORES (ARREDONDADA PARA 10 VALORES), N\u00c3O PODENDO EM QUALQUER DAS PROVAS TER UMA NOTA INFERIOR A 9,5 VALORES.<\/li>\n<\/ol>\n<table width=\"104%\">\n<tbody>\n<tr>\n<td width=\"24%\">\u00a0 CURSO<\/td>\n<td width=\"27%\">CONDI\u00c7\u00c3O ACESSO \u00c0<\/p>\n<p>CANDIDATURA<\/td>\n<td width=\"28%\">PROVA ESCRITA<\/p>\n<p>L\u00cdNGUA\u00a0 PORTUGUESA<\/td>\n<td width=\"18%\">PROVA ORAL<\/p>\n<p>L\u00cdNGUA\u00a0 PORTUGUESA<\/td>\n<\/tr>\n<tr>\n<td rowspan=\"2\" width=\"24%\">LICENCIATURA ENSINO<\/p>\n<p>L\u00cdNGUA PORTUGUESA<\/td>\n<td width=\"27%\">M\u00c9DIA 12 VALORES ENSINO M\u00c9DIO L\u00cdNGUA PORTUGUESA<\/td>\n<td width=\"28%\">60% NOTA OBTIDA, COM M\u00cdNIMO DE 9,5<\/td>\n<td width=\"18%\">40% NOTA OBTIDA<\/p>\n<p>COM M\u00cdNIMO DE 9,5<\/td>\n<\/tr>\n<tr>\n<td width=\"27%\">DATA REALIZA\u00c7\u00c3O PROVAS<\/td>\n<td width=\"28%\">A AFIXAR PELO MINIST\u00c9RIO ENSINO SUPERIOR<\/td>\n<td width=\"18%\">A AFIXAR PELO ISUPEKUIKUI 2<\/td>\n<\/tr>\n<\/tbody>\n<\/table>\n<h3 style=\"text-align: center;\">CANDIDATOS CURSOS LICENCIATURA ENSINO DA MATEM\u00c1TICA<\/h3>\n<ol>\n<li>OS CANDIDATOS AOS CURSOS DE ENSINO DA MATEM\u00c1TICA DEVEM TER UMA M\u00c9DIA NO ENSINO M\u00c9DIO N\u00c3O INFERIOR A 12 VALORES, NA DISCIPLINA DE MATEM\u00c1TICA, PARA PODEREM CANDIDATAR-SE.<\/li>\n<li>OS CANDIDATOS AO CURSO DE ENSINO DA MATEM\u00c1TICA REALIZAM UMA PROVA DE L\u00cdNGUA PORTUGUESA E UMA PROVA DE MATEM\u00c1TICA, AMBAS A N\u00cdVEL NACIONAL.<\/li>\n<li>AS PROVAS S\u00c3O ELABORADAS POR UM J\u00daRI NACIONAL E REALIZADAS DE ACORDO COM CALEND\u00c1RIO ESTABELECIDO PELO MINIST\u00c9RIO ENSINO SUPERIOR.<\/li>\n<li>S\u00c3O ADMITIDOS OS ESTUDANTES, QUE TENHAM OBTIDO UMA M\u00c9DIA EM CADA DISCIPLINA N\u00c3O INFERIOR A 9,5 VALORES (ARREDONDADA PARA 10 VALORES), N\u00c3O PODENDO EM QUALQUER DAS PROVAS TER UMA NOTA INFERIOR A 9,5 VALORES.<\/li>\n<\/ol>\n<table width=\"106%\">\n<tbody>\n<tr>\n<td width=\"26%\">\u00a0 CURSO<\/td>\n<td width=\"27%\">CONDI\u00c7\u00c3O ACESSO \u00c0<\/p>\n<p>CANDIDATURA<\/td>\n<td width=\"26%\">PROVA ESCRITA<\/p>\n<p>L\u00cdNGUA\u00a0 PORTUGUESA<\/td>\n<td width=\"20%\">PROVA ESCRITA MATEM\u00c1TICA<\/td>\n<\/tr>\n<tr>\n<td rowspan=\"2\" width=\"26%\">LICENCIATURA ENSINO MATEM\u00c1TICA<\/td>\n<td width=\"27%\">M\u00c9DIA 12 VALORES ENSINO M\u00c9DIO MATEM\u00c1TICA E L\u00cdNGUA PORTUGUESA<\/td>\n<td width=\"26%\">NOTA M\u00cdNIMA DE 9,5<\/td>\n<td width=\"20%\">NOTA M\u00cdNIMA DE 9,5<\/td>\n<\/tr>\n<tr>\n<td width=\"27%\">DATA REALIZA\u00c7\u00c3O PROVAS<\/td>\n<td colspan=\"2\" width=\"26%\">A AFIXAR PELO MINIST\u00c9RIO ENSINO SUPERIOR<\/td>\n<\/tr>\n<\/tbody>\n<\/table>\n<\/div><\/section>\n","protected":false},"excerpt":{"rendered":"","protected":false},"author":1,"featured_media":0,"parent":0,"menu_order":0,"comment_status":"closed","ping_status":"closed","template":"","meta":[],"_links":{"self":[{"href":"https:\/\/isupekuikui2.co.ao\/ao2\/wp-json\/wp\/v2\/pages\/1088"}],"collection":[{"href":"https:\/\/isupekuikui2.co.ao\/ao2\/wp-json\/wp\/v2\/pages"}],"about":[{"href":"https:\/\/isupekuikui2.co.ao\/ao2\/wp-json\/wp\/v2\/types\/page"}],"author":[{"embeddable":true,"href":"https:\/\/isupekuikui2.co.ao\/ao2\/wp-json\/wp\/v2\/users\/1"}],"replies":[{"embeddable":true,"href":"https:\/\/isupekuikui2.co.ao\/ao2\/wp-json\/wp\/v2\/comments?post=1088"}],"version-history":[{"count":6,"href":"https:\/\/isupekuikui2.co.ao\/ao2\/wp-json\/wp\/v2\/pages\/1088\/revisions"}],"predecessor-version":[{"id":1308,"href":"https:\/\/isupekuikui2.co.ao\/ao2\/wp-json\/wp\/v2\/pages\/1088\/revisions\/1308"}],"wp:attachment":[{"href":"https:\/\/isupekuikui2.co.ao\/ao2\/wp-json\/wp\/v2\/media?parent=1088"}],"curies":[{"name":"wp","href":"https:\/\/api.w.org\/{rel}","templated":true}]}}