{"id":1589,"date":"2024-07-18T13:01:53","date_gmt":"2024-07-18T12:01:53","guid":{"rendered":"https:\/\/isupekuikui2.co.ao\/ao2\/?page_id=1589"},"modified":"2024-07-18T13:05:30","modified_gmt":"2024-07-18T12:05:30","slug":"lispa-jumpstart","status":"publish","type":"page","link":"https:\/\/isupekuikui2.co.ao\/ao2\/lispa-jumpstart\/","title":{"rendered":"LISPA JumpStart"},"content":{"rendered":"<div class=\"flex_column av_one_full  flex_column_div av-zero-column-padding first  avia-builder-el-0  avia-builder-el-no-sibling  \" style='border-radius:0px; '><p><div  style='padding-bottom:10px; ' class='av-special-heading av-special-heading-h2  blockquote modern-quote modern-centered  avia-builder-el-1  el_before_av_textblock  avia-builder-el-first  '><h2 class='av-special-heading-tag '  itemprop=\"headline\"  >LISPA JumpStart<\/h2><div class='special-heading-border'><div class='special-heading-inner-border' ><\/div><\/div><\/div><br \/>\n<section class=\"av_textblock_section \"  itemscope=\"itemscope\" itemtype=\"https:\/\/schema.org\/CreativeWork\" ><div class='avia_textblock  '   itemprop=\"text\" ><p><strong>LISPA JumpStart<\/strong>, uma iniciativa, com apoio <strong>BNA<\/strong>, do <strong>MESCTI<\/strong> e da <strong>Acelera<\/strong>, que nutre a criatividade, inova\u00e7\u00e3o e empreendedorismo entre jovens.<\/p>\n<p>Inscri\u00e7\u00f5es at\u00e9 4 de Agosto.<\/p>\n<\/div><\/section><br \/>\n<div  class='avia-image-container  av-styling-    avia-builder-el-3  el_after_av_textblock  avia-builder-el-last  avia-align-center '  itemprop=\"image\" itemscope=\"itemscope\" itemtype=\"https:\/\/schema.org\/ImageObject\"  ><div class='avia-image-container-inner'><div class='avia-image-overlay-wrap'><a href=\"https:\/\/isupekuikui2.co.ao\/ao2\/wp-content\/uploads\/2024\/07\/JumpStart3-1030x1030.jpg\" href=\"https:\/\/isupekuikui2.co.ao\/ao2\/wp-content\/uploads\/2024\/07\/JumpStart3-1030x1030.jpg 1030w, https:\/\/isupekuikui2.co.ao\/ao2\/wp-content\/uploads\/2024\/07\/JumpStart3-300x300.jpg 300w, https:\/\/isupekuikui2.co.ao\/ao2\/wp-content\/uploads\/2024\/07\/JumpStart3-80x80.jpg 80w, https:\/\/isupekuikui2.co.ao\/ao2\/wp-content\/uploads\/2024\/07\/JumpStart3-768x768.jpg 768w, https:\/\/isupekuikui2.co.ao\/ao2\/wp-content\/uploads\/2024\/07\/JumpStart3-36x36.jpg 36w, https:\/\/isupekuikui2.co.ao\/ao2\/wp-content\/uploads\/2024\/07\/JumpStart3-180x180.jpg 180w, https:\/\/isupekuikui2.co.ao\/ao2\/wp-content\/uploads\/2024\/07\/JumpStart3-705x705.jpg 705w, https:\/\/isupekuikui2.co.ao\/ao2\/wp-content\/uploads\/2024\/07\/JumpStart3.jpg 1080w\" href=\"(max-width: 1030px) 100vw, 1030px\" class='avia_image' ><img width=\"300\" height=\"300\" class='wp-image-1590 avia-img-lazy-loading-not-1590 avia_image' src=\"https:\/\/isupekuikui2.co.ao\/ao2\/wp-content\/uploads\/2024\/07\/JumpStart3-300x300.jpg\" alt='' title='JumpStart3'  itemprop=\"thumbnailUrl\" srcset=\"https:\/\/isupekuikui2.co.ao\/ao2\/wp-content\/uploads\/2024\/07\/JumpStart3-300x300.jpg 300w, https:\/\/isupekuikui2.co.ao\/ao2\/wp-content\/uploads\/2024\/07\/JumpStart3-1030x1030.jpg 1030w, https:\/\/isupekuikui2.co.ao\/ao2\/wp-content\/uploads\/2024\/07\/JumpStart3-80x80.jpg 80w, https:\/\/isupekuikui2.co.ao\/ao2\/wp-content\/uploads\/2024\/07\/JumpStart3-768x768.jpg 768w, https:\/\/isupekuikui2.co.ao\/ao2\/wp-content\/uploads\/2024\/07\/JumpStart3-36x36.jpg 36w, https:\/\/isupekuikui2.co.ao\/ao2\/wp-content\/uploads\/2024\/07\/JumpStart3-180x180.jpg 180w, https:\/\/isupekuikui2.co.ao\/ao2\/wp-content\/uploads\/2024\/07\/JumpStart3-705x705.jpg 705w, https:\/\/isupekuikui2.co.ao\/ao2\/wp-content\/uploads\/2024\/07\/JumpStart3.jpg 1080w\" sizes=\"(max-width: 300px) 100vw, 300px\" \/><\/a><\/div><\/div><\/div><\/p><\/div>\n","protected":false},"excerpt":{"rendered":"","protected":false},"author":1,"featured_media":0,"parent":0,"menu_order":0,"comment_status":"closed","ping_status":"closed","template":"","meta":[],"_links":{"self":[{"href":"https:\/\/isupekuikui2.co.ao\/ao2\/wp-json\/wp\/v2\/pages\/1589"}],"collection":[{"href":"https:\/\/isupekuikui2.co.ao\/ao2\/wp-json\/wp\/v2\/pages"}],"about":[{"href":"https:\/\/isupekuikui2.co.ao\/ao2\/wp-json\/wp\/v2\/types\/page"}],"author":[{"embeddable":true,"href":"https:\/\/isupekuikui2.co.ao\/ao2\/wp-json\/wp\/v2\/users\/1"}],"replies":[{"embeddable":true,"href":"https:\/\/isupekuikui2.co.ao\/ao2\/wp-json\/wp\/v2\/comments?post=1589"}],"version-history":[{"count":4,"href":"https:\/\/isupekuikui2.co.ao\/ao2\/wp-json\/wp\/v2\/pages\/1589\/revisions"}],"predecessor-version":[{"id":1597,"href":"https:\/\/isupekuikui2.co.ao\/ao2\/wp-json\/wp\/v2\/pages\/1589\/revisions\/1597"}],"wp:attachment":[{"href":"https:\/\/isupekuikui2.co.ao\/ao2\/wp-json\/wp\/v2\/media?parent=1589"}],"curies":[{"name":"wp","href":"https:\/\/api.w.org\/{rel}","templated":true}]}}